{"id":737,"date":"2025-03-27T17:09:04","date_gmt":"2025-03-27T17:09:04","guid":{"rendered":"https:\/\/tus.smaco.de\/?page_id=737"},"modified":"2025-04-04T15:09:45","modified_gmt":"2025-04-04T15:09:45","slug":"fitness","status":"publish","type":"page","link":"https:\/\/tus.smaco.de\/?page_id=737","title":{"rendered":"Fitness"},"content":{"rendered":"\n<p>Bist du bereit, deinen K\u00f6rper in Schwung zu bringen und gleichzeitig deinen Geist zu st\u00e4rken? Wir bieten dir eine Vielzahl an Kursen, die perfekt auf deine Bed\u00fcrfnisse abgestimmt sind \u2013 egal, ob du deine Fitness steigern, deine Muskulatur st\u00e4rken oder einfach abschalten m\u00f6chtest. Unsere qualifizierten Trainer unterst\u00fctzen dich auf deinem Weg zu mehr Fitness, Wohlbefinden und Lebensqualit\u00e4t.<br><br><strong>Zumba \u2013 Tanz dich fit!<br><\/strong>Lass dich von den mitrei\u00dfenden Rhythmen der Musik begeistern und tanz dich fit! Zumba ist der perfekte Mix aus Aerobic und Salsa, Merengue und weiteren lateinamerikanischen T\u00e4nzen. Hier wird der Kalorienverbrauch zum Vergn\u00fcgen und du kannst den Alltag hinter dir lassen \u2013 ganz ohne Leistungsdruck, aber mit sehr viel Spa\u00df!<br><br><strong>Step-Aerobic \u2013 Dein Herzschlag im Takt!<br><\/strong>Step-Aerobic bringt dein Herz in Schwung und deine Beine in Form! Auf und ab geht es auf einem Step-Brett \u2013 ideal f\u00fcr alle, die Ausdauer, Koordination und Kraft mit einer Portion Spa\u00df kombinieren m\u00f6chten. Das abwechslungsreiche Training steigert die Fitness und sorgt f\u00fcr mehr Energie im Alltag.<br><br><strong>Aroha \u2013 K\u00f6rper und Geist im Einklang<\/strong><br>Aroha ist ein dynamisches Workout, das Elemente aus dem Kung-Fu und der Tanzkunst vereint. Es st\u00e4rkt deinen K\u00f6rper, f\u00f6rdert die Koordination und bringt dich in eine tiefe innere Balance. Ideal f\u00fcr alle, die sich k\u00f6rperlich und mental herausfordern m\u00f6chten.<br><br><strong>R\u00fcckenfit \u2013 R\u00fccken st\u00e4rken, Schmerzen lindern<br><\/strong>Ein starker R\u00fccken ist die Grundlage f\u00fcr ein aktives und schmerzfreies Leben. In unserem R\u00fcckenfit-Kurs lernst du gezielte \u00dcbungen, die deine Muskulatur aufbauen und Verspannungen l\u00f6sen. Wir bieten dir die Unterst\u00fctzung, die du brauchst, um deinem R\u00fccken etwas Gutes zu tun.<br><br><strong>Yoga \u2013 Finde deine innere Ruhe<br><\/strong>Yoga ist der perfekte Ausgleich zu deinem Alltag. Mit gezielten Atemtechniken, Dehnungen und Meditation findest du zu innerer Ruhe und Balance. Unsere Yoga-Kurse bietet dir die M\u00f6glichkeit, deine Flexibilit\u00e4t zu verbessern und dein geistiges Wohlbefinden zu steigern.<br><br><strong>Fitness 50+ \u2013 Aktiv und vital im besten Alter<br><\/strong>Es ist nie zu sp\u00e4t, etwas f\u00fcr die eigene Fitness zu tun! In unserem Fitness 50+ Kurs bieten wir dir ein gezieltes Training, das auf die Bed\u00fcrfnisse und M\u00f6glichkeiten \u00e4lterer Menschen abgestimmt ist. Ganz gleich, ob du deine Ausdauer steigern oder deine Muskulatur st\u00e4rken m\u00f6chtest \u2013 hier findest du ein Rundum-Programm, das Spa\u00df macht und die Lebensqualit\u00e4t verbessert.<br><br><strong>Mentales Training (Kursangebot) \u2013 St\u00e4rke deinen Geist<br><\/strong>Fitness h\u00f6rt nicht beim K\u00f6rper auf \u2013 auch der Geist braucht Aufmerksamkeit! In unserem Kurs f\u00fcr mentales Training lernst du, mit stressigen Situationen besser umzugehen, deine Konzentration zu steigern und deine innere St\u00e4rke zu entwickeln.<br><br>Unsere Kurse bieten dir die perfekte Kombination aus Bewegung, Entspannung und mentaler St\u00e4rke. Ob du deine Fitness verbessern, deine Muskulatur st\u00e4rken oder Stress abbauen m\u00f6chtest \u2013 bei uns findest du das passende Angebot.<br>Komme einfach zu den angegebenen Kurszeiten vorbei und finde den Kurs der perfekt zu deinen Bed\u00fcrfnissen passt. <br>Wir freuen uns auf dich!<br>Wenn du Fragen hast, melde dich gerne bei der Abteilungsleiterin Alexandra Kr\u00e4mer (fitness@tus-winterscheid.de).<\/p>\n\n\n\n<figure class=\"wp-block-table is-style-stripes\"><table class=\"has-fixed-layout\"><tbody><tr><td>Montag <\/td><td>18:00 &#8211; 19:00<\/td><td>Yoga<\/td><\/tr><tr><td>Montag <\/td><td>19:00 &#8211; 20:00<\/td><td>Yoga<\/td><\/tr><tr><td>Montag <\/td><td>20:10 &#8211; 21:10<\/td><td>Fitness 50+<\/td><\/tr><tr><td>Dienstag <\/td><td>20:10 &#8211; 21:10<\/td><td>Zumba<\/td><\/tr><tr><td>Mittwoch <\/td><td>17:30 &#8211; 19:00<\/td><td>Zirkeltraining<\/td><\/tr><tr><td>Mittwoch <\/td><td>19:00 &#8211; 20:00<\/td><td>Step-Aerobic<\/td><\/tr><tr><td>Donnerstag <\/td><td>18:00 &#8211; 19:00<\/td><td>Aroha<\/td><\/tr><tr><td>Donnerstag <\/td><td>19:00 &#8211; 20:30<\/td><td>Mentales Training<\/td><\/tr><tr><td>Donnerstag <\/td><td>19:00 &#8211; 20:00<\/td><td>R\u00fcckenfit<\/td><\/tr><tr><td>Freitag <\/td><td>18:00 &#8211; 19:15<\/td><td>Core-Training (Winter Ski-Gymnastik)<\/td><\/tr><\/tbody><\/table><\/figure>\n\n\n<ul class=\"wp-block-latest-posts__list has-dates wp-block-latest-posts\"><\/ul>","protected":false},"excerpt":{"rendered":"<p>Bist du bereit, deinen K\u00f6rper in Schwung zu bringen und gleichzeitig deinen Geist zu st\u00e4rken? Wir bieten dir eine Vielzahl an Kursen, die perfekt auf deine Bed\u00fcrfnisse abgestimmt sind \u2013 egal, ob du deine Fitness steigern, deine Muskulatur st\u00e4rken oder einfach abschalten m\u00f6chtest. Unsere qualifizierten Trainer unterst\u00fctzen dich auf deinem [&hellip;]<\/p>\n","protected":false},"author":1,"featured_media":0,"parent":0,"menu_order":0,"comment_status":"closed","ping_status":"closed","template":"","meta":{"footnotes":""},"class_list":["post-737","page","type-page","status-publish","hentry"],"_links":{"self":[{"href":"https:\/\/tus.smaco.de\/index.php?rest_route=\/wp\/v2\/pages\/737","targetHints":{"allow":["GET"]}}],"collection":[{"href":"https:\/\/tus.smaco.de\/index.php?rest_route=\/wp\/v2\/pages"}],"about":[{"href":"https:\/\/tus.smaco.de\/index.php?rest_route=\/wp\/v2\/types\/page"}],"author":[{"embeddable":true,"href":"https:\/\/tus.smaco.de\/index.php?rest_route=\/wp\/v2\/users\/1"}],"replies":[{"embeddable":true,"href":"https:\/\/tus.smaco.de\/index.php?rest_route=%2Fwp%2Fv2%2Fcomments&post=737"}],"version-history":[{"count":5,"href":"https:\/\/tus.smaco.de\/index.php?rest_route=\/wp\/v2\/pages\/737\/revisions"}],"predecessor-version":[{"id":997,"href":"https:\/\/tus.smaco.de\/index.php?rest_route=\/wp\/v2\/pages\/737\/revisions\/997"}],"wp:attachment":[{"href":"https:\/\/tus.smaco.de\/index.php?rest_route=%2Fwp%2Fv2%2Fmedia&parent=737"}],"curies":[{"name":"wp","href":"https:\/\/api.w.org\/{rel}","templated":true}]}}