{"id":659,"date":"2025-03-27T13:05:47","date_gmt":"2025-03-27T13:05:47","guid":{"rendered":"https:\/\/tus.smaco.de\/?page_id=659"},"modified":"2025-04-02T15:28:31","modified_gmt":"2025-04-02T15:28:31","slug":"tennis","status":"publish","type":"page","link":"https:\/\/tus.smaco.de\/?page_id=659","title":{"rendered":"Tennis"},"content":{"rendered":"\n<figure class=\"wp-block-image size-full is-resized\"><img fetchpriority=\"high\" decoding=\"async\" width=\"606\" height=\"341\" src=\"https:\/\/tus.smaco.de\/wp-content\/uploads\/2025\/03\/image-2.png\" alt=\"\" class=\"wp-image-660\" style=\"width:725px;height:auto\" srcset=\"https:\/\/tus.smaco.de\/wp-content\/uploads\/2025\/03\/image-2.png 606w, https:\/\/tus.smaco.de\/wp-content\/uploads\/2025\/03\/image-2-300x169.png 300w\" sizes=\"(max-width: 606px) 100vw, 606px\" \/><\/figure>\n\n\n\n<p>Die Tennisabteilung des TuS Winterscheid begr\u00fc\u00dft Sie ganz herzlich und l\u00e4dt Sie gerne ein, einmal vorbeizuschauen und in diese wunderbare Sportart hereinzuschnuppern.<\/p>\n\n\n\n<p>Am Ligabetrieb des TVM nimmt derzeit eine Herren 30 Mannschaft teil.<br>Dar\u00fcber hinaus ist eine Freizeit-Mixed Mannschaft gemeldet.<\/p>\n\n\n\n<p>Mittwochs ab 16.00 Uhr treffen sich regelm\u00e4\u00dfig mehrere Mitglieder zum gemeinsamen Spielen f\u00fcr Jedermann und Frau mit anschlie\u00dfendem geselligem Beisammensein.<\/p>\n\n\n\n<p>Trainingszeiten:<br>Donnerstag und Samstag Jugend- und Erwachsenentraining wird durch unseren Trainer Martin Eschweiler angeboten.<br>Anmeldung und Absprache hierzu erfolgen unter: 0179-2431480<\/p>\n\n\n\n<p>In den Sommerferien findet regelm\u00e4\u00dfig ein zweit\u00e4giges Tennis-Jugend-Camp statt, was reichlich Tennisspa\u00df, Betreuung und Verpflegung beinhaltet.<\/p>\n\n\n\n<figure class=\"wp-block-table\"><table class=\"has-fixed-layout\"><tbody><tr><td>Abteilungsleitung:&nbsp;<\/td><td>Ralf Sains&nbsp;<\/td><td>0160 &#8211; 90507076<\/td><\/tr><tr><td>Kassenwart und Schriftf\u00fchrer:<\/td><td>Bj\u00f6rn Alenfelder<\/td><td>0179 &#8211; 2020949<\/td><\/tr><tr><td>Sport- und Jugendwartin:<\/td><td>Sina Rieder<\/td><td>0173 &#8211; 1821826<\/td><\/tr><\/tbody><\/table><\/figure>\n\n\n<ul class=\"wp-block-latest-posts__list has-dates wp-block-latest-posts\"><li><a class=\"wp-block-latest-posts__post-title\" href=\"https:\/\/tus.smaco.de\/?p=418\">Pfingstturnier &#038; Platzeinweihung<\/a><time datetime=\"2023-05-22T15:57:58+00:00\" class=\"wp-block-latest-posts__post-date\">Mai 22, 2023<\/time><\/li>\n<li><a class=\"wp-block-latest-posts__post-title\" href=\"https:\/\/tus.smaco.de\/?p=401\">Mitgliederversammlung Tennisabteilung<\/a><time datetime=\"2023-02-14T17:50:08+00:00\" class=\"wp-block-latest-posts__post-date\">Februar 14, 2023<\/time><\/li>\n<li><a class=\"wp-block-latest-posts__post-title\" href=\"https:\/\/tus.smaco.de\/?p=366\">Eine \u00c4ra geht zu Ende<\/a><time datetime=\"2022-06-16T12:29:49+00:00\" class=\"wp-block-latest-posts__post-date\">Juni 16, 2022<\/time><\/li>\n<li><a class=\"wp-block-latest-posts__post-title\" href=\"https:\/\/tus.smaco.de\/?p=348\">Tennis Mitgliederversammlung 2022<\/a><time datetime=\"2022-03-22T07:28:29+00:00\" class=\"wp-block-latest-posts__post-date\">M\u00e4rz 22, 2022<\/time><\/li>\n<\/ul>","protected":false},"excerpt":{"rendered":"<p>Die Tennisabteilung des TuS Winterscheid begr\u00fc\u00dft Sie ganz herzlich und l\u00e4dt Sie gerne ein, einmal vorbeizuschauen und in diese wunderbare Sportart hereinzuschnuppern. Am Ligabetrieb des TVM nimmt derzeit eine Herren 30 Mannschaft teil.Dar\u00fcber hinaus ist eine Freizeit-Mixed Mannschaft gemeldet. Mittwochs ab 16.00 Uhr treffen sich regelm\u00e4\u00dfig mehrere Mitglieder zum gemeinsamen [&hellip;]<\/p>\n","protected":false},"author":1,"featured_media":0,"parent":0,"menu_order":0,"comment_status":"closed","ping_status":"closed","template":"","meta":{"footnotes":""},"class_list":["post-659","page","type-page","status-publish","hentry"],"_links":{"self":[{"href":"https:\/\/tus.smaco.de\/index.php?rest_route=\/wp\/v2\/pages\/659","targetHints":{"allow":["GET"]}}],"collection":[{"href":"https:\/\/tus.smaco.de\/index.php?rest_route=\/wp\/v2\/pages"}],"about":[{"href":"https:\/\/tus.smaco.de\/index.php?rest_route=\/wp\/v2\/types\/page"}],"author":[{"embeddable":true,"href":"https:\/\/tus.smaco.de\/index.php?rest_route=\/wp\/v2\/users\/1"}],"replies":[{"embeddable":true,"href":"https:\/\/tus.smaco.de\/index.php?rest_route=%2Fwp%2Fv2%2Fcomments&post=659"}],"version-history":[{"count":2,"href":"https:\/\/tus.smaco.de\/index.php?rest_route=\/wp\/v2\/pages\/659\/revisions"}],"predecessor-version":[{"id":957,"href":"https:\/\/tus.smaco.de\/index.php?rest_route=\/wp\/v2\/pages\/659\/revisions\/957"}],"wp:attachment":[{"href":"https:\/\/tus.smaco.de\/index.php?rest_route=%2Fwp%2Fv2%2Fmedia&parent=659"}],"curies":[{"name":"wp","href":"https:\/\/api.w.org\/{rel}","templated":true}]}}