{"id":634,"date":"2025-03-27T10:23:40","date_gmt":"2025-03-27T10:23:40","guid":{"rendered":"https:\/\/tus.smaco.de\/?page_id=634"},"modified":"2025-03-27T10:23:41","modified_gmt":"2025-03-27T10:23:41","slug":"anschrift","status":"publish","type":"page","link":"https:\/\/tus.smaco.de\/?page_id=634","title":{"rendered":"Anschrift"},"content":{"rendered":"<p><strong>TuS Winterscheid 1923 e.V.<\/strong><br \/>\nStefan Schrahe<br \/>\nAm S\u00fcdhang 28<br \/>\n53809 Ruppichteroth<\/p>\n<p><strong>Adresse der Sportst\u00e4tte (Turnhalle, Fu\u00dfball- und Tennisplatz)<\/strong><\/p>\n<p>Am Sportplatz 2<br \/>\n53809 Ruppichteroth<\/p>\n<p><strong>F\u00fcr Navigation bitte folgende Adresse eingeben<\/strong><\/p>\n<p>Hauptstra\u00dfe 4<br \/>\n53809 Ruppichteroth<\/p>\n","protected":false},"excerpt":{"rendered":"<p>TuS Winterscheid 1923 e.V. Stefan Schrahe Am S\u00fcdhang 28 53809 Ruppichteroth Adresse der Sportst\u00e4tte (Turnhalle, Fu\u00dfball- und Tennisplatz) Am Sportplatz 2 53809 Ruppichteroth F\u00fcr Navigation bitte folgende Adresse eingeben Hauptstra\u00dfe 4 53809 Ruppichteroth<\/p>\n","protected":false},"author":1,"featured_media":0,"parent":0,"menu_order":0,"comment_status":"closed","ping_status":"closed","template":"","meta":{"footnotes":""},"class_list":["post-634","page","type-page","status-publish","hentry"],"_links":{"self":[{"href":"https:\/\/tus.smaco.de\/index.php?rest_route=\/wp\/v2\/pages\/634","targetHints":{"allow":["GET"]}}],"collection":[{"href":"https:\/\/tus.smaco.de\/index.php?rest_route=\/wp\/v2\/pages"}],"about":[{"href":"https:\/\/tus.smaco.de\/index.php?rest_route=\/wp\/v2\/types\/page"}],"author":[{"embeddable":true,"href":"https:\/\/tus.smaco.de\/index.php?rest_route=\/wp\/v2\/users\/1"}],"replies":[{"embeddable":true,"href":"https:\/\/tus.smaco.de\/index.php?rest_route=%2Fwp%2Fv2%2Fcomments&post=634"}],"version-history":[{"count":1,"href":"https:\/\/tus.smaco.de\/index.php?rest_route=\/wp\/v2\/pages\/634\/revisions"}],"predecessor-version":[{"id":635,"href":"https:\/\/tus.smaco.de\/index.php?rest_route=\/wp\/v2\/pages\/634\/revisions\/635"}],"wp:attachment":[{"href":"https:\/\/tus.smaco.de\/index.php?rest_route=%2Fwp%2Fv2%2Fmedia&parent=634"}],"curies":[{"name":"wp","href":"https:\/\/api.w.org\/{rel}","templated":true}]}}