{"id":628,"date":"2025-03-27T10:18:07","date_gmt":"2025-03-27T10:18:07","guid":{"rendered":"https:\/\/tus.smaco.de\/?page_id=628"},"modified":"2025-04-02T16:57:23","modified_gmt":"2025-04-02T16:57:23","slug":"abteilungen","status":"publish","type":"page","link":"https:\/\/tus.smaco.de\/?page_id=628","title":{"rendered":"Abteilungen"},"content":{"rendered":"\n<figure class=\"wp-block-table is-style-stripes\"><table class=\"has-fixed-layout\"><tbody><tr><td><a href=\"https:\/\/tus.smaco.de\/?page_id=737\" data-type=\"page\" data-id=\"737\">Aroha<\/a><\/td><td>Alexandra Kr\u00e4mer<\/td><td>Do 18:00-19:00<\/td><\/tr><tr><td><a href=\"https:\/\/tus.smaco.de\/?page_id=555\" data-type=\"page\" data-id=\"555\">Badminton<\/a><\/td><td>Peter Becker<\/td><td>Di 20:00-22:00, So 11:00-13:00<\/td><\/tr><tr><td><a href=\"https:\/\/tus.smaco.de\/?page_id=737\" data-type=\"page\" data-id=\"737\">Fitness<\/a><\/td><td>Alexandra Kr\u00e4mer<\/td><td>Diverse<\/td><\/tr><tr><td><a href=\"https:\/\/tus.smaco.de\/?page_id=737\" data-type=\"page\" data-id=\"737\">Fitness 50+<\/a><\/td><td>Alexandra Kr\u00e4mer<\/td><td>Mo 20:00-21:00<\/td><\/tr><tr><td>Fu\u00dfball<\/td><td><\/td><td>Der Abteilung entnehmen<\/td><\/tr><tr><td><a href=\"https:\/\/tus.smaco.de\/?page_id=651\" data-type=\"page\" data-id=\"651\">Herrenturnen<\/a><\/td><td>Oliver Hermeier<\/td><td>Do 20:00-22:00<\/td><\/tr><tr><td><a href=\"https:\/\/tus.smaco.de\/?page_id=677\" data-type=\"page\" data-id=\"677\">Jiu Jitsu<\/a><\/td><td>Herbert B\u00e4ssgen<\/td><td>Mo 17:00-18:30, Mi 17:00-18:30 Kinder<br>Mo 19:00-20:30, Mi 19:00-20:30<\/td><\/tr><tr><td><a href=\"https:\/\/tus.smaco.de\/?page_id=637\" data-type=\"page\" data-id=\"637\">Jugendfu\u00dfball<\/a><\/td><td>Patrik Hochstein<\/td><td>Der Abteilung entnehmen<\/td><\/tr><tr><td><a href=\"https:\/\/tus.smaco.de\/?page_id=848\" data-type=\"page\" data-id=\"848\">Kinderturnen<\/a><\/td><td>Sylvia M\u00fcller<\/td><td>Der Abteilung entnehmen<\/td><\/tr><tr><td><a href=\"https:\/\/tus.smaco.de\/?page_id=737\" data-type=\"page\" data-id=\"737\">R\u00fcckenfit<\/a><\/td><td>Alexandra Kr\u00e4mer<\/td><td>Do 19:00-20:00<\/td><\/tr><tr><td><a href=\"https:\/\/tus.smaco.de\/?page_id=656\" data-type=\"page\" data-id=\"656\">Skiclub<\/a><\/td><td>Sylvia M\u00fcller<\/td><td>Fr 18:00-19:15, Sa nach Absprache<\/td><\/tr><tr><td><a href=\"https:\/\/tus.smaco.de\/?page_id=737\" data-type=\"page\" data-id=\"737\">Step Aerobic<\/a><\/td><td>Alexandra Kr\u00e4mer<\/td><td>Mi 19:00-20:00<\/td><\/tr><tr><td><a href=\"https:\/\/tus.smaco.de\/?page_id=659\" data-type=\"page\" data-id=\"659\">Tennis<\/a><\/td><td>Ralf Sains<\/td><td>Der Abteilung entnehmen<\/td><\/tr><tr><td><a href=\"https:\/\/tus.smaco.de\/?page_id=597\" data-type=\"page\" data-id=\"597\">Tischtennis<\/a><\/td><td>Bruno Hanke<\/td><td>Mi 19:00-22:00, Fr 19:15-22:00<\/td><\/tr><tr><td><a href=\"https:\/\/tus.smaco.de\/?page_id=664\" data-type=\"page\" data-id=\"664\">Triahlon\/TriKIDS<\/a><\/td><td>Alex Utscheid<\/td><td>Fr 16:30-18:00<\/td><\/tr><tr><td><a href=\"https:\/\/tus.smaco.de\/?page_id=667\" data-type=\"page\" data-id=\"667\">Volleyball<\/a><\/td><td>Frank Unglauben<\/td><td>Do 18:00-20:00, Sa 17:00-19:00<\/td><\/tr><tr><td><a href=\"https:\/\/tus.smaco.de\/?page_id=737\" data-type=\"page\" data-id=\"737\">Yoga<\/a><\/td><td>Alexandra Kr\u00e4mer<\/td><td>Mo 18:00-19:00, Mo 19:00-20:00<\/td><\/tr><tr><td><a href=\"https:\/\/tus.smaco.de\/?page_id=679\" data-type=\"page\" data-id=\"679\">Zirkel\/Crossfit<\/a><\/td><td>Alex Utscheid<\/td><td>Mi 17:45-19:15<\/td><\/tr><tr><td><a href=\"https:\/\/tus.smaco.de\/?page_id=669\" data-type=\"page\" data-id=\"669\">Zumba<\/a><\/td><td>Ricarda Halber<\/td><td>Di 19:00-20:00<\/td><\/tr><\/tbody><\/table><\/figure>\n\n\n\n<p><\/p>\n","protected":false},"excerpt":{"rendered":"<p>Aroha Alexandra Kr\u00e4mer Do 18:00-19:00 Badminton Peter Becker Di 20:00-22:00, So 11:00-13:00 Fitness Alexandra Kr\u00e4mer Diverse Fitness 50+ Alexandra Kr\u00e4mer Mo 20:00-21:00 Fu\u00dfball Der Abteilung entnehmen Herrenturnen Oliver Hermeier Do 20:00-22:00 Jiu Jitsu Herbert B\u00e4ssgen Mo 17:00-18:30, Mi 17:00-18:30 KinderMo 19:00-20:30, Mi 19:00-20:30 Jugendfu\u00dfball Patrik Hochstein Der Abteilung entnehmen Kinderturnen [&hellip;]<\/p>\n","protected":false},"author":1,"featured_media":0,"parent":0,"menu_order":0,"comment_status":"closed","ping_status":"closed","template":"","meta":{"footnotes":""},"class_list":["post-628","page","type-page","status-publish","hentry"],"_links":{"self":[{"href":"https:\/\/tus.smaco.de\/index.php?rest_route=\/wp\/v2\/pages\/628","targetHints":{"allow":["GET"]}}],"collection":[{"href":"https:\/\/tus.smaco.de\/index.php?rest_route=\/wp\/v2\/pages"}],"about":[{"href":"https:\/\/tus.smaco.de\/index.php?rest_route=\/wp\/v2\/types\/page"}],"author":[{"embeddable":true,"href":"https:\/\/tus.smaco.de\/index.php?rest_route=\/wp\/v2\/users\/1"}],"replies":[{"embeddable":true,"href":"https:\/\/tus.smaco.de\/index.php?rest_route=%2Fwp%2Fv2%2Fcomments&post=628"}],"version-history":[{"count":5,"href":"https:\/\/tus.smaco.de\/index.php?rest_route=\/wp\/v2\/pages\/628\/revisions"}],"predecessor-version":[{"id":968,"href":"https:\/\/tus.smaco.de\/index.php?rest_route=\/wp\/v2\/pages\/628\/revisions\/968"}],"wp:attachment":[{"href":"https:\/\/tus.smaco.de\/index.php?rest_route=%2Fwp%2Fv2%2Fmedia&parent=628"}],"curies":[{"name":"wp","href":"https:\/\/api.w.org\/{rel}","templated":true}]}}