{"id":555,"date":"2025-03-26T14:03:52","date_gmt":"2025-03-26T14:03:52","guid":{"rendered":"https:\/\/tus.smaco.de\/?page_id=555"},"modified":"2025-04-02T15:19:19","modified_gmt":"2025-04-02T15:19:19","slug":"badminton","status":"publish","type":"page","link":"https:\/\/tus.smaco.de\/?page_id=555","title":{"rendered":"Badminton"},"content":{"rendered":"\n<p><strong>Trainingszeiten (Turnhalle):<\/strong>Di. &nbsp;&nbsp; &nbsp;20:00 \u2013 22:00So.&nbsp;&nbsp; &nbsp;11:00 \u2013 13:30 (nach Absprache)<br><strong>Betreuer:<\/strong>Peter Becker: 0176-73102711<br>E-Mail: (badminton) @tus-winterscheid.de<br>Die Gruppe setzt sich ausschlie\u00dflich aus Hobbyspielern zusammen. Interessierte und Anf\u00e4nger sind jederzeit willkommen. In der Winterscheider Turnhalle sind drei Felder eingezeichnet, so dass 12 Spieler gleichzeitig teilnehmen k\u00f6nnen.Badminton ist ein R\u00fcckschlagspiel, das mit einem kleinen Federball und jeweils einem Badmintonschl\u00e4ger pro Person gespielt wird. Es wird in der Halle ausgetragen und erfordert schnelle Reaktionen und eine erh\u00f6hte Laufbereitschaft.Dabei versuchen die Spieler den Ball so \u00fcber ein Netz zu schlagen, dass die Gegenseite ihn nicht den Regeln entsprechend zur\u00fcckschlagen kann. Es kann sowohl von zwei Spielern als Einzel als auch von vier Spielern als Doppel oder Mixed gespielt werden. Der Begriff Badminton wird oft f\u00e4lschlicherweise mit dem Freizeitspiel Federball gleichgesetzt, das im Gegensatz zu Badminton m\u00f6glichst lange Ballwechsel zum Ziel hat.<\/p>\n\n\n<ul class=\"wp-block-latest-posts__list has-dates wp-block-latest-posts\"><\/ul>","protected":false},"excerpt":{"rendered":"<p>Trainingszeiten (Turnhalle):Di. &nbsp;&nbsp; &nbsp;20:00 \u2013 22:00So.&nbsp;&nbsp; &nbsp;11:00 \u2013 13:30 (nach Absprache)Betreuer:Peter Becker: 0176-73102711E-Mail: (badminton) @tus-winterscheid.deDie Gruppe setzt sich ausschlie\u00dflich aus Hobbyspielern zusammen. Interessierte und Anf\u00e4nger sind jederzeit willkommen. In der Winterscheider Turnhalle sind drei Felder eingezeichnet, so dass 12 Spieler gleichzeitig teilnehmen k\u00f6nnen.Badminton ist ein R\u00fcckschlagspiel, das mit einem kleinen [&hellip;]<\/p>\n","protected":false},"author":1,"featured_media":0,"parent":0,"menu_order":0,"comment_status":"closed","ping_status":"closed","template":"","meta":{"footnotes":""},"class_list":["post-555","page","type-page","status-publish","hentry"],"_links":{"self":[{"href":"https:\/\/tus.smaco.de\/index.php?rest_route=\/wp\/v2\/pages\/555","targetHints":{"allow":["GET"]}}],"collection":[{"href":"https:\/\/tus.smaco.de\/index.php?rest_route=\/wp\/v2\/pages"}],"about":[{"href":"https:\/\/tus.smaco.de\/index.php?rest_route=\/wp\/v2\/types\/page"}],"author":[{"embeddable":true,"href":"https:\/\/tus.smaco.de\/index.php?rest_route=\/wp\/v2\/users\/1"}],"replies":[{"embeddable":true,"href":"https:\/\/tus.smaco.de\/index.php?rest_route=%2Fwp%2Fv2%2Fcomments&post=555"}],"version-history":[{"count":2,"href":"https:\/\/tus.smaco.de\/index.php?rest_route=\/wp\/v2\/pages\/555\/revisions"}],"predecessor-version":[{"id":944,"href":"https:\/\/tus.smaco.de\/index.php?rest_route=\/wp\/v2\/pages\/555\/revisions\/944"}],"wp:attachment":[{"href":"https:\/\/tus.smaco.de\/index.php?rest_route=%2Fwp%2Fv2%2Fmedia&parent=555"}],"curies":[{"name":"wp","href":"https:\/\/api.w.org\/{rel}","templated":true}]}}